{"id":5,"date":"2019-07-24T14:27:43","date_gmt":"2019-07-24T14:27:43","guid":{"rendered":"https:\/\/cafealfonso.com\/?p=5"},"modified":"2019-07-24T14:27:43","modified_gmt":"2019-07-24T14:27:43","slug":"dining","status":"publish","type":"page","link":"https:\/\/cafealfonso.com\/?page_id=5","title":{"rendered":"Dining"},"content":{"rendered":"<h1>Menu<\/h1>\n<hr>\n<div>Lorem ipsum dolor sit amet, consectetuer elit. Aenean commodo ligula eget dolor.<\/div>\n<ul>\n<li>\n<a href=\"#starters\">Starters<\/a>\n<\/li>\n<li>\n<a href=\"#maincourse\">Mains<\/a>\n<\/li>\n<li>\n<a href=\"#desserts\">Desserts<\/a>\n<\/li>\n<li>\n<a href=\"wp-content\/uploads\/yootheme\/dining-drinks.pdf\">Drinks (pdf)<\/a>\n<\/li>\n<\/ul>\n<h2>Starters<\/h2>\n<hr>\n<ul>\n<li>\n<h3>Catch of the day sea scallops with a herb crust<\/h3>\n<p>10.80<\/p>\n<div>Lorem ipsum dolor, sit amet, consectetuer adipiscing elit, aenean<\/div>\n<\/li>\n<li>\n<h3>Duck consomm\u00e9 with ravioli<\/h3>\n<p>7.50<\/p>\n<div>Lorem ipsum dolor, sit amet, consectetuer adipiscing elit, aenean<\/div>\n<\/li>\n<li>\n<h3>Roasted prawns with coriander<\/h3>\n<p>8.90<\/p>\n<div>Laboris nisi ut aliquip ex ea commodo consequat duis aute irure<\/div>\n<\/li>\n<\/ul>\n<ul>\n<li>\n<h3>Mini veal escalopes<\/h3>\n<p>9.90<\/p>\n<div>Dolor in reprehenderit in voluptate velit esse cillum<\/div>\n<\/li>\n<li>\n<h3>Seasonal salad (vegan)<\/h3>\n<p>5.10<\/p>\n<div>Laboris nisi ut aliquip ex ea commodo consequat duis aute irure<\/div>\n<\/li>\n<\/ul>\n<ul>\n<li>\n<img decoding=\"async\" src=\"wp-content\/uploads\/yootheme\/dining-starters-slideshow-01.jpg\" alt=\"\">\n<\/li>\n<li>\n<img decoding=\"async\" src=\"wp-content\/uploads\/yootheme\/dining-starters-slideshow-02.jpg\" alt=\"\">\n<\/li>\n<li>\n<img decoding=\"async\" src=\"wp-content\/uploads\/yootheme\/dining-starters-slideshow-03.jpg\" alt=\"\">\n<\/li>\n<\/ul>\n<div>Lorem ipsum dolor, sit amet, consectetuer adipiscing elit, aenean<\/div>\n<h2>Main Course<\/h2>\n<hr>\n<ul>\n<li>\n<h3>Chanterelle risotto<\/h3>\n<p>10.50<\/p>\n<div>Non proident, sunt in culpa qui officia deserunt mollit anim id est<\/div>\n<\/li>\n<li>\n<h3>Stuffed cucumber with mint yoghurt<\/h3>\n<p>11.20<\/p>\n<div>Laborum lorem ipsum dolor sit amet, consectetur adipisicing elit sed<\/div>\n<\/li>\n<li>\n<h3>Entrec\u00f4te, chocolate sauce and saut\u00e9ed vegetables<\/h3>\n<p>24.90<\/p>\n<div>Sed do eiusmod tempor incididunt ut labore et dolore magna aliqua<\/div>\n<\/li>\n<li>\n<h3>Lamb saddle with pomegranate tabouleh<\/h3>\n<p>22.40<\/p>\n<div>Ut enim ad minim veniam, quis nostrud exercitation ullamco<\/div>\n<\/li>\n<li>\n<h3>Grilled lobster with chimichurri butter<\/h3>\n<p>27.90<\/p>\n<div>Laboris nisi ut aliquip ex ea commodo consequat duis aute<\/div>\n<\/li>\n<li>\n<h3>Seared scallops with angel hair pasta<\/h3>\n<p>19.80<\/p>\n<div>Laboris nisi ut aliquip ex ea commodo consequat duis aute<\/div>\n<\/li>\n<li>\n<h3>Grilled goat&#8217;s cheese with prawns and beetroot<\/h3>\n<p>16.90<\/p>\n<div>Ut enim ad minim veniam, quis nostrud exercitation ullamco<\/div>\n<\/li>\n<\/ul>\n<ul>\n<li>\n<h3>Spaghetti alle Vongole<\/h3>\n<p>16.90<\/p>\n<div>Non proident, sunt in culpa qui officia deserunt mollit anim<\/div>\n<\/li>\n<li>\n<h3>Nana&#8217;s baked chicken with scorched corn<\/h3>\n<p>15.70<\/p>\n<div>Est laborum lorem ipsum dolor sit amet, consectetur adipisicing elit<\/div>\n<\/li>\n<li>\n<h3>Ib\u00e9rico chops with garlic mashed potatoes<\/h3>\n<p>24.00<\/p>\n<div>Sed do eiusmod tempor incididunt ut labore et dolore magna aliqua<\/div>\n<\/li>\n<li>\n<h3>Fried monkfish with caramelized shallots<\/h3>\n<p>22.10<\/p>\n<div>Ut enim ad minim veniam, quis nostrud exercitation ullamco<\/div>\n<\/li>\n<\/ul>\n<ul>\n<li>\n<img decoding=\"async\" src=\"wp-content\/uploads\/yootheme\/dining-main-slideshow-01.jpg\" alt=\"\">\n<\/li>\n<li>\n<img decoding=\"async\" src=\"wp-content\/uploads\/yootheme\/dining-main-slideshow-02.jpg\" alt=\"\">\n<\/li>\n<li>\n<img decoding=\"async\" src=\"wp-content\/uploads\/yootheme\/dining-main-slideshow-03.jpg\" alt=\"\">\n<\/li>\n<\/ul>\n<div>Lorem ipsum dolor, sit amet, consectetuer adipiscing elit, aenean<\/div>\n<h2>Desserts<\/h2>\n<hr>\n<ul>\n<li>\n<h3>Strawberry Tiramisu<\/h3>\n<p>5.80<\/p>\n<div>Laboris nisi ut aliquip ex ea commodo consequat duis aute<\/div>\n<\/li>\n<li>\n<h3>Cardamom Cr\u00e8me br\u00fbl\u00e9e with orange filets<\/h3>\n<p>6.40<\/p>\n<div>Irure dolor in reprehenderit in voluptate velit esse cillum dolore<\/div>\n<\/li>\n<li>\n<h3>Organic cheese platter<\/h3>\n<p>9.80<\/p>\n<div>Fugiat nulla pariatur excepteur sint occaecat cupidatat<\/div>\n<\/li>\n<\/ul>\n<ul>\n<li>\n<h3>Basil-citrus panna cotta on strawberry mirror<\/h3>\n<p>5.90<\/p>\n<div>Non proident, sunt in culpa qui officia deserunt mollit anim id est<\/div>\n<\/li>\n<li>\n<h3>Chocolate lava cake with mango mascarpone<\/h3>\n<p>6.10<\/p>\n<div>Lorem ipsum dolor, sit amet, consectetuer adipiscing elit aenean<\/div>\n<\/li>\n<\/ul>\n<ul>\n<li>\n<img decoding=\"async\" src=\"wp-content\/uploads\/yootheme\/dining-desserts-slideshow-01.jpg\" alt=\"\">\n<\/li>\n<li>\n<img decoding=\"async\" src=\"wp-content\/uploads\/yootheme\/dining-desserts-slideshow-02.jpg\" alt=\"\">\n<\/li>\n<\/ul>\n<div>Lorem ipsum dolor, sit amet, consectetuer adipiscing elit, aenean<\/div>\n<p><!--more--><br \/>\n<!-- {\"name\":\"Press\",\"type\":\"layout\",\"children\":[{\"name\":\"Hero\",\"type\":\"section\",\"props\":{\"width\":\"default\",\"style\":\"default\",\"padding_remove_top\":false,\"image_size\":\"cover\",\"image_position\":\"center-center\",\"animation\":\"fade\",\"image\":\"wp-content\\\/uploads\\\/yootheme\\\/dining-hero-bg.svg\",\"padding_remove_bottom\":false,\"header_transparent\":\"dark\",\"vertical_align\":\"middle\",\"title_position\":\"top-left\",\"title_rotation\":\"left\",\"title_breakpoint\":\"xl\",\"image_loading\":true},\"children\":[{\"name\":\"\",\"type\":\"row\",\"children\":[{\"name\":\"\",\"type\":\"column\",\"props\":{\"image_position\":\"center-center\",\"media_overlay_gradient\":\"\",\"width_medium\":\"1-1\",\"position_sticky_breakpoint\":\"m\"},\"children\":[{\"name\":\"\",\"type\":\"headline\",\"props\":{\"title_element\":\"h1\",\"content\":\"Menu\",\"title_style\":\"h2\",\"text_align\":\"center\"}},{\"name\":\"\",\"type\":\"divider\",\"props\":{\"divider_element\":\"hr\",\"divider_style\":\"small\",\"divider_align\":\"center\"}},{\"name\":\"\",\"type\":\"text\",\"props\":{\"column_breakpoint\":\"m\",\"margin\":\"medium\",\"content\":\"Lorem ipsum dolor sit amet, consectetuer elit. Aenean commodo ligula eget dolor.\",\"maxwidth\":\"large\",\"text_align\":\"center\",\"block_align\":\"center\"}},{\"name\":\"\",\"type\":\"subnav\",\"props\":{\"text_align\":\"center\",\"subnav_style\":\"divider\"},\"children\":[{\"name\":\"\",\"type\":\"subnav_item\",\"props\":{\"content\":\"Starters\",\"link\":\"#starters\"}},{\"name\":\"\",\"type\":\"subnav_item\",\"props\":{\"content\":\"Mains\",\"link\":\"#maincourse\"}},{\"name\":\"\",\"type\":\"subnav_item\",\"props\":{\"content\":\"Desserts\",\"link\":\"#desserts\"}},{\"name\":\"\",\"type\":\"subnav_item\",\"props\":{\"content\":\"Drinks (pdf)\",\"link\":\"wp-content\\\/uploads\\\/yootheme\\\/dining-drinks.pdf\",\"link_target\":true}}]}]}],\"props\":[]}]},{\"name\":\"Starters\",\"type\":\"section\",\"props\":{\"style\":\"default\",\"width\":\"default\",\"image_position\":\"center-center\",\"padding_remove_bottom\":true,\"animation\":\"fade\",\"padding_remove_top\":false,\"id\":\"starters\",\"vertical_align\":\"middle\",\"title_position\":\"top-left\",\"title_rotation\":\"left\",\"title_breakpoint\":\"xl\"},\"children\":[{\"name\":\"\",\"type\":\"row\",\"children\":[{\"name\":\"\",\"type\":\"column\",\"props\":{\"image_position\":\"center-center\",\"media_overlay_gradient\":\"\",\"width_medium\":\"1-1\",\"position_sticky_breakpoint\":\"m\"},\"children\":[{\"name\":\"\",\"type\":\"headline\",\"props\":{\"title_element\":\"h2\",\"content\":\"Starters\",\"title_style\":\"h3\",\"text_align\":\"center\"}},{\"name\":\"\",\"type\":\"divider\",\"props\":{\"divider_element\":\"hr\",\"divider_style\":\"small\",\"divider_align\":\"center\"}}]}],\"props\":[]},{\"name\":\"\",\"type\":\"row\",\"props\":{\"layout\":\"1-2,1-2\",\"margin\":\"large\",\"column_gap\":\"large\",\"row_gap\":\"large\"},\"children\":[{\"name\":\"\",\"type\":\"column\",\"props\":{\"image_position\":\"center-center\",\"media_overlay_gradient\":\"\",\"width_medium\":\"1-2\",\"position_sticky_breakpoint\":\"m\"},\"children\":[{\"name\":\"\",\"type\":\"description_list\",\"props\":{\"show_link\":true,\"layout\":\"grid-2-m\",\"margin\":\"remove-vertical\",\"show_title\":true,\"show_meta\":true,\"show_content\":true,\"meta_style\":\"\",\"meta_align\":\"bottom\",\"list_size\":\"large\",\"content_style\":\"text-meta\",\"meta_color\":\"primary\",\"title_grid_column_gap\":\"small\",\"title_grid_row_gap\":\"small\",\"title_grid_width\":\"expand\",\"title_leader\":true,\"list_element\":\"ul\",\"column_breakpoint\":\"m\",\"title_element\":\"div\"},\"children\":[{\"name\":\"\",\"type\":\"description_list_item\",\"props\":{\"title\":\"Catch of the day sea scallops with a herb crust\",\"content\":\"Lorem ipsum dolor, sit amet, consectetuer adipiscing elit, aenean\",\"meta\":\"10.80\"}},{\"name\":\"\",\"type\":\"description_list_item\",\"props\":{\"title\":\"Duck consomm\\u00e9 with ravioli\",\"content\":\"Lorem ipsum dolor, sit amet, consectetuer adipiscing elit, aenean\",\"meta\":\"7.50\"}},{\"name\":\"\",\"type\":\"description_list_item\",\"props\":{\"title\":\"Roasted prawns with coriander\",\"content\":\"Laboris nisi ut aliquip ex ea commodo consequat duis aute irure\",\"meta\":\"8.90\"}}]}]},{\"name\":\"\",\"type\":\"column\",\"props\":{\"image_position\":\"center-center\",\"media_overlay_gradient\":\"\",\"width_medium\":\"1-2\",\"position_sticky_breakpoint\":\"m\"},\"children\":[{\"name\":\"\",\"type\":\"description_list\",\"props\":{\"show_link\":true,\"layout\":\"grid-2-m\",\"margin\":\"remove-vertical\",\"show_title\":true,\"show_meta\":true,\"show_content\":true,\"meta_style\":\"\",\"meta_align\":\"bottom\",\"content_style\":\"text-meta\",\"list_size\":\"large\",\"meta_color\":\"primary\",\"title_grid_column_gap\":\"small\",\"title_grid_row_gap\":\"small\",\"title_grid_width\":\"expand\",\"title_leader\":true,\"list_element\":\"ul\",\"column_breakpoint\":\"m\",\"title_element\":\"div\"},\"children\":[{\"name\":\"\",\"type\":\"description_list_item\",\"props\":{\"title\":\"Mini veal escalopes\",\"content\":\"Dolor in reprehenderit in voluptate velit esse cillum\",\"meta\":\"9.90\"}},{\"name\":\"\",\"type\":\"description_list_item\",\"props\":{\"title\":\"Seasonal salad (vegan)\",\"content\":\"Laboris nisi ut aliquip ex ea commodo consequat duis aute irure\",\"meta\":\"5.10\"}}]}]}]},{\"name\":\"\",\"type\":\"row\",\"props\":{\"layout\":\"1-4,1-2,1-4\",\"margin\":\"xlarge\"},\"children\":[{\"name\":\"\",\"type\":\"column\",\"props\":{\"image_position\":\"center-center\",\"media_overlay_gradient\":\"\",\"width_medium\":\"1-4\",\"position_sticky_breakpoint\":\"m\"}},{\"name\":\"\",\"type\":\"column\",\"props\":{\"image_position\":\"center-center\",\"media_overlay_gradient\":\"\",\"width_medium\":\"1-2\",\"position_sticky_breakpoint\":\"m\"},\"children\":[{\"name\":\"\",\"type\":\"slideshow\",\"props\":{\"show_title\":true,\"show_meta\":true,\"show_content\":true,\"show_link\":true,\"show_thumbnail\":true,\"slideshow_min_height\":\"\",\"slideshow_autoplay_pause\":false,\"nav\":\"dotnav\",\"nav_position\":\"bottom-center\",\"nav_position_margin\":\"small\",\"nav_align\":\"center\",\"nav_breakpoint\":\"s\",\"thumbnav_width\":\"100\",\"thumbnav_height\":\"75\",\"slidenav\":\"\",\"slidenav_margin\":\"small\",\"slidenav_breakpoint\":\"s\",\"overlay_position\":\"center\",\"overlay_animation\":\"parallax\",\"title_element\":\"h3\",\"meta_style\":\"text-meta\",\"meta_align\":\"below-title\",\"link_text\":\"Read more\",\"link_style\":\"default\",\"margin\":\"default\",\"slideshow_animation\":\"fade\",\"slideshow_autoplay\":true,\"slideshow_ratio\":\"900:550\",\"slidenav_outside_breakpoint\":\"xl\",\"image_width\":\"900\",\"thumbnav_svg_color\":\"emphasis\",\"meta_element\":\"div\",\"image_loading\":true},\"children\":[{\"name\":\"\",\"type\":\"slideshow_item\",\"props\":{\"image\":\"wp-content\\\/uploads\\\/yootheme\\\/dining-starters-slideshow-01.jpg\"}},{\"name\":\"\",\"type\":\"slideshow_item\",\"props\":{\"image\":\"wp-content\\\/uploads\\\/yootheme\\\/dining-starters-slideshow-02.jpg\"}},{\"name\":\"\",\"type\":\"slideshow_item\",\"props\":{\"image\":\"wp-content\\\/uploads\\\/yootheme\\\/dining-starters-slideshow-03.jpg\"}}]},{\"name\":\"\",\"type\":\"text\",\"props\":{\"margin\":\"default\",\"column_breakpoint\":\"m\",\"content\":\"Lorem ipsum dolor, sit amet, consectetuer adipiscing elit, aenean\",\"text_style\":\"meta\"}}]},{\"name\":\"\",\"type\":\"column\",\"props\":{\"image_position\":\"center-center\",\"media_overlay_gradient\":\"\",\"width_medium\":\"1-4\",\"position_sticky_breakpoint\":\"m\"}}]}]},{\"name\":\"Main Course\",\"type\":\"section\",\"props\":{\"style\":\"default\",\"width\":\"default\",\"image_position\":\"center-center\",\"padding\":\"xlarge\",\"animation\":\"fade\",\"id\":\"maincourse\",\"padding_remove_bottom\":true,\"vertical_align\":\"middle\",\"title_position\":\"top-left\",\"title_rotation\":\"left\",\"title_breakpoint\":\"xl\"},\"children\":[{\"name\":\"\",\"type\":\"row\",\"children\":[{\"name\":\"\",\"type\":\"column\",\"props\":{\"image_position\":\"center-center\",\"media_overlay_gradient\":\"\",\"width_medium\":\"1-1\",\"position_sticky_breakpoint\":\"m\"},\"children\":[{\"name\":\"\",\"type\":\"headline\",\"props\":{\"title_element\":\"h2\",\"content\":\"Main Course\",\"title_style\":\"h3\",\"text_align\":\"center\"}},{\"name\":\"\",\"type\":\"divider\",\"props\":{\"divider_element\":\"hr\",\"divider_style\":\"small\",\"divider_align\":\"center\"}}]}],\"props\":[]},{\"name\":\"\",\"type\":\"row\",\"props\":{\"layout\":\"1-2,1-2\",\"margin\":\"large\",\"column_gap\":\"large\",\"row_gap\":\"large\"},\"children\":[{\"name\":\"\",\"type\":\"column\",\"props\":{\"image_position\":\"center-center\",\"media_overlay_gradient\":\"\",\"width_medium\":\"1-2\",\"position_sticky_breakpoint\":\"m\"},\"children\":[{\"name\":\"\",\"type\":\"description_list\",\"props\":{\"show_link\":true,\"layout\":\"grid-2-m\",\"margin\":\"remove-vertical\",\"show_title\":true,\"show_meta\":true,\"show_content\":true,\"meta_style\":\"\",\"meta_align\":\"bottom\",\"content_style\":\"text-meta\",\"list_size\":\"large\",\"meta_color\":\"primary\",\"title_grid_column_gap\":\"small\",\"title_grid_row_gap\":\"small\",\"title_grid_width\":\"expand\",\"title_leader\":true,\"list_element\":\"ul\",\"column_breakpoint\":\"m\",\"title_element\":\"div\"},\"children\":[{\"name\":\"\",\"type\":\"description_list_item\",\"props\":{\"title\":\"Chanterelle risotto\",\"content\":\"Non proident, sunt in culpa qui officia deserunt mollit anim id est\",\"meta\":\"10.50\"}},{\"name\":\"\",\"type\":\"description_list_item\",\"props\":{\"title\":\"Stuffed cucumber with mint yoghurt\",\"content\":\"Laborum lorem ipsum dolor sit amet, consectetur adipisicing elit sed\",\"meta\":\"11.20\"}},{\"name\":\"\",\"type\":\"description_list_item\",\"props\":{\"title\":\"Entrec\\u00f4te, chocolate sauce and saut\\u00e9ed vegetables\",\"content\":\"Sed do eiusmod tempor incididunt ut labore et dolore magna aliqua\",\"meta\":\"24.90\"}},{\"name\":\"\",\"type\":\"description_list_item\",\"props\":{\"title\":\"Lamb saddle with pomegranate tabouleh\",\"content\":\"Ut enim ad minim veniam, quis nostrud exercitation ullamco\",\"meta\":\"22.40\"}},{\"name\":\"\",\"type\":\"description_list_item\",\"props\":{\"title\":\"Grilled lobster with chimichurri butter\",\"content\":\"Laboris nisi ut aliquip ex ea commodo consequat duis aute\",\"meta\":\"27.90\"}},{\"name\":\"\",\"type\":\"description_list_item\",\"props\":{\"title\":\"Seared scallops with angel hair pasta\",\"content\":\"Laboris nisi ut aliquip ex ea commodo consequat duis aute\",\"meta\":\"19.80\"}},{\"name\":\"\",\"type\":\"description_list_item\",\"props\":{\"title\":\"Grilled goat's cheese with prawns and beetroot\",\"content\":\"Ut enim ad minim veniam, quis nostrud exercitation ullamco\",\"meta\":\"16.90\"}}]}]},{\"name\":\"\",\"type\":\"column\",\"props\":{\"image_position\":\"center-center\",\"media_overlay_gradient\":\"\",\"width_medium\":\"1-2\",\"position_sticky_breakpoint\":\"m\"},\"children\":[{\"name\":\"\",\"type\":\"description_list\",\"props\":{\"show_link\":true,\"layout\":\"grid-2-m\",\"margin\":\"remove-vertical\",\"show_title\":true,\"show_meta\":true,\"show_content\":true,\"meta_style\":\"\",\"meta_align\":\"bottom\",\"content_style\":\"text-meta\",\"list_size\":\"large\",\"meta_color\":\"primary\",\"title_grid_column_gap\":\"small\",\"title_grid_row_gap\":\"small\",\"title_grid_width\":\"expand\",\"title_leader\":true,\"list_element\":\"ul\",\"column_breakpoint\":\"m\",\"title_element\":\"div\"},\"children\":[{\"name\":\"\",\"type\":\"description_list_item\",\"props\":{\"title\":\"Spaghetti alle Vongole\",\"content\":\"Non proident, sunt in culpa qui officia deserunt mollit anim\",\"meta\":\"16.90\"}},{\"name\":\"\",\"type\":\"description_list_item\",\"props\":{\"title\":\"Nana's baked chicken with scorched corn\",\"meta\":\"15.70\",\"content\":\"Est laborum lorem ipsum dolor sit amet, consectetur adipisicing elit\"}},{\"name\":\"\",\"type\":\"description_list_item\",\"props\":{\"title\":\"Ib\\u00e9rico chops with garlic mashed potatoes\",\"content\":\"Sed do eiusmod tempor incididunt ut labore et dolore magna aliqua\",\"meta\":\"24.00\"}},{\"name\":\"\",\"type\":\"description_list_item\",\"props\":{\"title\":\"Fried monkfish with caramelized shallots\",\"content\":\"Ut enim ad minim veniam, quis nostrud exercitation ullamco\",\"meta\":\"22.10\"}}]}]}]},{\"name\":\"\",\"type\":\"row\",\"props\":{\"layout\":\"1-4,1-2,1-4\",\"margin\":\"xlarge\"},\"children\":[{\"name\":\"\",\"type\":\"column\",\"props\":{\"image_position\":\"center-center\",\"media_overlay_gradient\":\"\",\"width_medium\":\"1-4\",\"position_sticky_breakpoint\":\"m\"}},{\"name\":\"\",\"type\":\"column\",\"props\":{\"image_position\":\"center-center\",\"media_overlay_gradient\":\"\",\"width_medium\":\"1-2\",\"position_sticky_breakpoint\":\"m\"},\"children\":[{\"name\":\"\",\"type\":\"slideshow\",\"props\":{\"show_title\":true,\"show_meta\":true,\"show_content\":true,\"show_link\":true,\"show_thumbnail\":true,\"slideshow_min_height\":\"\",\"slideshow_autoplay_pause\":true,\"nav\":\"dotnav\",\"nav_position\":\"bottom-center\",\"nav_position_margin\":\"small\",\"nav_align\":\"center\",\"nav_breakpoint\":\"s\",\"thumbnav_width\":\"100\",\"thumbnav_height\":\"75\",\"slidenav\":\"\",\"slidenav_margin\":\"small\",\"slidenav_breakpoint\":\"s\",\"overlay_position\":\"center\",\"overlay_animation\":\"parallax\",\"title_element\":\"h3\",\"meta_style\":\"text-meta\",\"meta_align\":\"below-title\",\"link_text\":\"Read more\",\"link_style\":\"default\",\"margin\":\"default\",\"slideshow_animation\":\"fade\",\"slideshow_autoplay\":true,\"slideshow_ratio\":\"900:550\",\"slidenav_outside_breakpoint\":\"xl\",\"image_width\":\"900\",\"thumbnav_svg_color\":\"emphasis\",\"meta_element\":\"div\"},\"children\":[{\"name\":\"\",\"type\":\"slideshow_item\",\"props\":{\"image\":\"wp-content\\\/uploads\\\/yootheme\\\/dining-main-slideshow-01.jpg\"}},{\"name\":\"\",\"type\":\"slideshow_item\",\"props\":{\"image\":\"wp-content\\\/uploads\\\/yootheme\\\/dining-main-slideshow-02.jpg\"}},{\"name\":\"\",\"type\":\"slideshow_item\",\"props\":{\"image\":\"wp-content\\\/uploads\\\/yootheme\\\/dining-main-slideshow-03.jpg\"}}]},{\"name\":\"\",\"type\":\"text\",\"props\":{\"margin\":\"default\",\"column_breakpoint\":\"m\",\"content\":\"Lorem ipsum dolor, sit amet, consectetuer adipiscing elit, aenean\",\"text_style\":\"meta\"}}]},{\"name\":\"\",\"type\":\"column\",\"props\":{\"image_position\":\"center-center\",\"media_overlay_gradient\":\"\",\"width_medium\":\"1-4\",\"position_sticky_breakpoint\":\"m\"}}]}]},{\"name\":\"Desserts\",\"type\":\"section\",\"props\":{\"style\":\"default\",\"width\":\"default\",\"image_position\":\"center-center\",\"padding\":\"xlarge\",\"padding_remove_top\":false,\"animation\":\"fade\",\"id\":\"desserts\",\"vertical_align\":\"middle\",\"title_position\":\"top-left\",\"title_rotation\":\"left\",\"title_breakpoint\":\"xl\"},\"children\":[{\"name\":\"\",\"type\":\"row\",\"children\":[{\"name\":\"\",\"type\":\"column\",\"props\":{\"image_position\":\"center-center\",\"media_overlay_gradient\":\"\",\"width_medium\":\"1-1\",\"position_sticky_breakpoint\":\"m\"},\"children\":[{\"name\":\"\",\"type\":\"headline\",\"props\":{\"title_element\":\"h2\",\"content\":\"Desserts\",\"title_style\":\"h3\",\"text_align\":\"center\"}},{\"name\":\"\",\"type\":\"divider\",\"props\":{\"divider_element\":\"hr\",\"divider_style\":\"small\",\"divider_align\":\"center\"}}]}],\"props\":[]},{\"name\":\"\",\"type\":\"row\",\"props\":{\"layout\":\"1-2,1-2\",\"margin\":\"large\",\"column_gap\":\"large\",\"row_gap\":\"large\"},\"children\":[{\"name\":\"\",\"type\":\"column\",\"props\":{\"image_position\":\"center-center\",\"media_overlay_gradient\":\"\",\"width_medium\":\"1-2\",\"position_sticky_breakpoint\":\"m\"},\"children\":[{\"name\":\"\",\"type\":\"description_list\",\"props\":{\"show_link\":true,\"layout\":\"grid-2-m\",\"margin\":\"remove-vertical\",\"show_title\":true,\"show_meta\":true,\"show_content\":true,\"meta_style\":\"\",\"meta_align\":\"bottom\",\"content_style\":\"text-meta\",\"list_size\":\"large\",\"meta_color\":\"primary\",\"title_grid_column_gap\":\"small\",\"title_grid_row_gap\":\"small\",\"title_grid_width\":\"expand\",\"title_leader\":true,\"list_element\":\"ul\",\"column_breakpoint\":\"m\",\"title_element\":\"div\"},\"children\":[{\"name\":\"\",\"type\":\"description_list_item\",\"props\":{\"title\":\"Strawberry Tiramisu\",\"content\":\"Laboris nisi ut aliquip ex ea commodo consequat duis aute\",\"meta\":\"5.80\"}},{\"name\":\"\",\"type\":\"description_list_item\",\"props\":{\"title\":\"Cardamom Cr\\u00e8me br\\u00fbl\\u00e9e with orange filets\",\"content\":\"Irure dolor in reprehenderit in voluptate velit esse cillum dolore\",\"meta\":\"6.40\"}},{\"name\":\"\",\"type\":\"description_list_item\",\"props\":{\"title\":\"Organic cheese platter\",\"content\":\"Fugiat nulla pariatur excepteur sint occaecat cupidatat\",\"meta\":\"9.80\"}}]}]},{\"name\":\"\",\"type\":\"column\",\"props\":{\"image_position\":\"center-center\",\"media_overlay_gradient\":\"\",\"width_medium\":\"1-2\",\"position_sticky_breakpoint\":\"m\"},\"children\":[{\"name\":\"\",\"type\":\"description_list\",\"props\":{\"show_link\":true,\"layout\":\"grid-2-m\",\"margin\":\"remove-vertical\",\"show_title\":true,\"show_meta\":true,\"show_content\":true,\"meta_style\":\"\",\"meta_align\":\"bottom\",\"content_style\":\"text-meta\",\"list_size\":\"large\",\"meta_color\":\"primary\",\"title_grid_column_gap\":\"small\",\"title_grid_row_gap\":\"small\",\"title_grid_width\":\"expand\",\"title_leader\":true,\"list_element\":\"ul\",\"column_breakpoint\":\"m\",\"title_element\":\"div\"},\"children\":[{\"name\":\"\",\"type\":\"description_list_item\",\"props\":{\"title\":\"Basil-citrus panna cotta on strawberry mirror\",\"content\":\"Non proident, sunt in culpa qui officia deserunt mollit anim id est\",\"meta\":\"5.90\"}},{\"name\":\"\",\"type\":\"description_list_item\",\"props\":{\"title\":\"Chocolate lava cake with mango mascarpone\",\"content\":\"Lorem ipsum dolor, sit amet, consectetuer adipiscing elit aenean\",\"meta\":\"6.10\"}}]}]}]},{\"name\":\"\",\"type\":\"row\",\"props\":{\"layout\":\"1-4,1-2,1-4\",\"margin\":\"xlarge\"},\"children\":[{\"name\":\"\",\"type\":\"column\",\"props\":{\"image_position\":\"center-center\",\"media_overlay_gradient\":\"\",\"width_medium\":\"1-4\",\"position_sticky_breakpoint\":\"m\"}},{\"name\":\"\",\"type\":\"column\",\"props\":{\"image_position\":\"center-center\",\"media_overlay_gradient\":\"\",\"width_medium\":\"1-2\",\"position_sticky_breakpoint\":\"m\"},\"children\":[{\"name\":\"\",\"type\":\"slideshow\",\"props\":{\"show_title\":true,\"show_meta\":true,\"show_content\":true,\"show_link\":true,\"show_thumbnail\":true,\"slideshow_min_height\":\"\",\"slideshow_autoplay_pause\":true,\"nav\":\"dotnav\",\"nav_position\":\"bottom-center\",\"nav_position_margin\":\"small\",\"nav_align\":\"center\",\"nav_breakpoint\":\"s\",\"thumbnav_width\":\"100\",\"thumbnav_height\":\"75\",\"slidenav\":\"\",\"slidenav_margin\":\"small\",\"slidenav_breakpoint\":\"s\",\"overlay_position\":\"center\",\"overlay_animation\":\"parallax\",\"title_element\":\"h3\",\"meta_style\":\"text-meta\",\"meta_align\":\"below-title\",\"link_text\":\"Read more\",\"link_style\":\"default\",\"margin\":\"default\",\"slideshow_animation\":\"fade\",\"slideshow_autoplay\":true,\"slideshow_ratio\":\"900:550\",\"slidenav_outside_breakpoint\":\"xl\",\"image_width\":\"900\",\"thumbnav_svg_color\":\"emphasis\",\"meta_element\":\"div\"},\"children\":[{\"name\":\"\",\"type\":\"slideshow_item\",\"props\":{\"image\":\"wp-content\\\/uploads\\\/yootheme\\\/dining-desserts-slideshow-01.jpg\"}},{\"name\":\"\",\"type\":\"slideshow_item\",\"props\":{\"image\":\"wp-content\\\/uploads\\\/yootheme\\\/dining-desserts-slideshow-02.jpg\"}}]},{\"name\":\"\",\"type\":\"text\",\"props\":{\"margin\":\"default\",\"column_breakpoint\":\"m\",\"content\":\"Lorem ipsum dolor, sit amet, consectetuer adipiscing elit, aenean\",\"text_style\":\"meta\"}}]},{\"name\":\"\",\"type\":\"column\",\"props\":{\"image_position\":\"center-center\",\"media_overlay_gradient\":\"\",\"width_medium\":\"1-4\",\"position_sticky_breakpoint\":\"m\"}}]}]}],\"version\":\"3.0.0-beta.5\",\"props\":[]} --><\/p>\n","protected":false},"excerpt":{"rendered":"<p>Menu Lorem ipsum dolor sit amet, consectetuer elit. Aenean commodo ligula eget dolor. Starters Mains Desserts Drinks (pdf) Starters Catch of the day sea scallops with a herb crust 10.80 Lorem ipsum dolor, sit amet, consectetuer adipiscing elit, aenean Duck consomm\u00e9 with ravioli 7.50 Lorem ipsum dolor, sit amet, consectetuer adipiscing elit, aenean Roasted prawns [&hellip;]<\/p>\n","protected":false},"author":1,"featured_media":0,"parent":0,"menu_order":7,"comment_status":"open","ping_status":"open","template":"","meta":{"footnotes":""},"class_list":["post-5","page","type-page","status-publish","hentry"],"acf":[],"_links":{"self":[{"href":"https:\/\/cafealfonso.com\/index.php?rest_route=\/wp\/v2\/pages\/5","targetHints":{"allow":["GET"]}}],"collection":[{"href":"https:\/\/cafealfonso.com\/index.php?rest_route=\/wp\/v2\/pages"}],"about":[{"href":"https:\/\/cafealfonso.com\/index.php?rest_route=\/wp\/v2\/types\/page"}],"author":[{"embeddable":true,"href":"https:\/\/cafealfonso.com\/index.php?rest_route=\/wp\/v2\/users\/1"}],"replies":[{"embeddable":true,"href":"https:\/\/cafealfonso.com\/index.php?rest_route=%2Fwp%2Fv2%2Fcomments&post=5"}],"version-history":[{"count":0,"href":"https:\/\/cafealfonso.com\/index.php?rest_route=\/wp\/v2\/pages\/5\/revisions"}],"wp:attachment":[{"href":"https:\/\/cafealfonso.com\/index.php?rest_route=%2Fwp%2Fv2%2Fmedia&parent=5"}],"curies":[{"name":"wp","href":"https:\/\/api.w.org\/{rel}","templated":true}]}}